{"id":2,"date":"2022-08-31T11:48:43","date_gmt":"2022-08-31T09:48:43","guid":{"rendered":"https:\/\/termin.dachau-med.de\/impfung\/?page_id=2"},"modified":"2024-10-13T13:37:39","modified_gmt":"2024-10-13T11:37:39","slug":"home","status":"publish","type":"page","link":"https:\/\/termin.dachau-med.de\/impfung\/","title":{"rendered":"HOME"},"content":{"rendered":"<div class=\"one-half nav\">\n<h1 class=\"nav\"><a class=\"nav\" href=\"https:\/\/termin.dachau-med.de\/impfungen02\/\">Grippeimpfung<\/a><\/h1>\n<\/div>\n<div class=\"one-half nav choosen last\">\n<h1 class=\"nav choosen\"><a class=\"nav\" href=\"https:\/\/termin.dachau-med.de\/impfung\/\">BioNTech Impfung<\/a><\/h1>\n<\/div>\n<p><strong>Liebe Patientinnen, liebe Patienten,<\/strong><\/p>\n<p>ab sofort steht f\u00fcr Sie der aktuelle saisonale Grippe- und Coronaimpfstoff zur Verf\u00fcgung.<\/p>\n<p>Die Grippeimpfung kann ohne vorherige Anmeldung jederzeit zu den Sprechzeiten an allen Standorten durchgef\u00fchrt werden.<br \/>\nZur Covidimpfung bitten wir um kurzfristige Information, an welchem Tag die Impfung gew\u00fcnscht wird.<\/p>\n<p>Gerne \u00fcber die Chatnachricht auf unserer Hompage oder in der &#8222;Praxis App&#8220;.<\/p>\n<p>Beide Impfungen k\u00f6nnen, wenn gew\u00fcnscht, auch zeitgleich durchgef\u00fchrt werden.<\/p>\n<p>&nbsp;<\/p>\n<p>Ihr MVZ Dachau Verbund<br \/>\n<a href=\"https:\/\/www.dachau-med.de\/\" target=\"_blank\" rel=\"noopener\"><img loading=\"lazy\" decoding=\"async\" src=\"\/impfung\/wp-content\/uploads\/2024\/10\/mvz-verbund-dachau-300x45.png\" alt=\"BioNTech Impfung - MVZ Verbund Dachau\" width=\"300\" height=\"45\" class=\"alignnone\" \/><\/a><\/p>\n<p><!--  [salon\/] --><\/p>\n<hr>\n<div class=\"one-half\">\n<strong>MVZ Dachau<\/strong><br \/>\nM\u00fcnchner Stra\u00dfe 64<br \/>\n85221 Dachau<br \/>\nTelefon 08131 &#8211; 6119-0<\/p>\n<p><strong>Praxis Altstadt<\/strong><br \/>\nKonrad-Adenauer-Stra\u00dfe 11<br \/>\n85221 Dachau<br \/>\nTelefon 08131 &#8211; 6119-200<\/p>\n<p><strong>Praxis Bergkirchen<\/strong><br \/>\nBruckbergstra\u00dfe 1 B<br \/>\n85232 Bergkirchen<br \/>\nTelefon 08131 &#8211; 6119-250<\/p>\n<p><strong>Praxis Sulzemoos<\/strong><br \/>\nKirchstra\u00dfe 3<br \/>\n85254 Sulzemoos<br \/>\nTelefon 08135 &#8211; 9948853<\/p>\n<\/div>\n<div class=\"one-half last\">\n<strong>Medizinisches Zentrum Allach<\/strong><br \/>\nGeorg-Reism\u00fcller-Stra\u00dfe 7<br \/>\n80999 M\u00fcnchen<br \/>\nTelefon 089 &#8211; 8189683-0<\/p>\n<p><strong>Medizinisches Zentrum Eching<\/strong><br \/>\nObere Hauptstra\u00dfe 2<br \/>\n85386 Eching<br \/>\nTelefon 089 &#8211; 3181169-0<\/p>\n<p><strong>Medizinisches Zentrum Neufahrn<\/strong><br \/>\nChristl-Cranz-Stra\u00dfe 2<br \/>\n85375 Neufahrn<br \/>\nTelefon 08165 &#8211; 4505<\/p>\n<p><strong>Praxis Rembold\/Rinck-Pfister\/Giuliani<\/strong><br \/>\nM\u00fcnchner Stra\u00dfe 44 (2 OG)<br \/>\n85221 Dachau<br \/>\nTelefon 08131 &#8211; 87343<\/p>\n<\/div>\n<hr>\n","protected":false},"excerpt":{"rendered":"<p>Grippeimpfung BioNTech Impfung Liebe Patientinnen, liebe Patienten, ab sofort steht f\u00fcr Sie der aktuelle saisonale Grippe- und Coronaimpfstoff zur Verf\u00fcgung. Die Grippeimpfung kann ohne vorherige Anmeldung jederzeit zu den Sprechzeiten an allen Standorten durchgef\u00fchrt werden. Zur Covidimpfung bitten wir um kurzfristige Information, an welchem Tag die Impfung gew\u00fcnscht wird. Gerne \u00fcber die Chatnachricht auf unserer &hellip; <\/p>\n<p class=\"link-more\"><a href=\"https:\/\/termin.dachau-med.de\/impfung\/\" class=\"more-link\"><span class=\"screen-reader-text\">\u201eHOME\u201c<\/span> weiterlesen<\/a><\/p>\n","protected":false},"author":1,"featured_media":0,"parent":0,"menu_order":0,"comment_status":"closed","ping_status":"open","template":"","meta":{"footnotes":""},"class_list":["post-2","page","type-page","status-publish","hentry","entry"],"_links":{"self":[{"href":"https:\/\/termin.dachau-med.de\/impfung\/wp-json\/wp\/v2\/pages\/2","targetHints":{"allow":["GET"]}}],"collection":[{"href":"https:\/\/termin.dachau-med.de\/impfung\/wp-json\/wp\/v2\/pages"}],"about":[{"href":"https:\/\/termin.dachau-med.de\/impfung\/wp-json\/wp\/v2\/types\/page"}],"author":[{"embeddable":true,"href":"https:\/\/termin.dachau-med.de\/impfung\/wp-json\/wp\/v2\/users\/1"}],"replies":[{"embeddable":true,"href":"https:\/\/termin.dachau-med.de\/impfung\/wp-json\/wp\/v2\/comments?post=2"}],"version-history":[{"count":24,"href":"https:\/\/termin.dachau-med.de\/impfung\/wp-json\/wp\/v2\/pages\/2\/revisions"}],"predecessor-version":[{"id":4267,"href":"https:\/\/termin.dachau-med.de\/impfung\/wp-json\/wp\/v2\/pages\/2\/revisions\/4267"}],"wp:attachment":[{"href":"https:\/\/termin.dachau-med.de\/impfung\/wp-json\/wp\/v2\/media?parent=2"}],"curies":[{"name":"wp","href":"https:\/\/api.w.org\/{rel}","templated":true}]}}